{"id":2685,"date":"2013-11-05T15:58:24","date_gmt":"2013-11-05T14:58:24","guid":{"rendered":"https:\/\/graubner-gmbh.de\/plant-and-occupational-safety"},"modified":"2024-09-17T13:27:24","modified_gmt":"2024-09-17T11:27:24","slug":"plant-and-occupational-safety","status":"publish","type":"page","link":"https:\/\/graubner-gmbh.de\/en\/the-services-of-graubner-industrie-beratung\/plant-and-occupational-safety","title":{"rendered":"Plant and occupational safety"},"content":{"rendered":"\n<p><img decoding=\"async\" src=\"https:\/\/graubner-gmbh.de\/wp-content\/uploads\/2019\/12\/AnlagenundArbeitssicherheit.png\" alt=\"Plant and occupational safety\"\/><br\/>center<br\/>disable<br\/><br\/><\/p><h1>Leistungen zur Anlagen- und Arbeitssicherheit<\/h1>&#13;<br\/>Das Thema Anlagen- und Arbeitssicherheit kann sehr umfangreich werden. Zus\u00e4tzlich sind sehr viele rechtliche Aspekte damit verbunden. Normkonformit\u00e4t und Rechtssicherheit sind oberstes Gebot, um Ihrem Unternehmen und Ihren Mitarbeitern Sicherheit zu bieten.&#13;<br\/>Nutzen Sie unsere langj\u00e4hrige Erfahrung f\u00fcr die sicherheitstechnische Beratung und Unterst\u00fctzung in den Bereichen Anlagen- und Arbeitssicherheit.\u00a0<br\/><br\/>Fachkraft f\u00fcr Arbeitssicherheit<br\/><h2>Wir unterst\u00fctzen Sie bei folgenden Themen:<\/h2>&#13;<br\/><h3><a href=\"http:\/\/graubner-gmbh.de\/externe-sifa\">Fachkraft f\u00fcr Arbeitssicherheit<\/a><\/h3>&#13;<br\/>&#13;<br\/>Sicherheitstechnische Betreuung nach \u00a7 6 Arbeitssicherheitsgesetz (auch als Beratung im Rahmen des Unternehmermodels)&#13;<br\/>Beratung in Fragen der Arbeitssicherheit und der Unfallverh\u00fctung&#13;<br\/>Beratung bei Beschaffung von Arbeitsmitteln und der Einf\u00fchrung von Arbeitsverfahren und Arbeitsstoffen&#13;<br\/>Auswahl und Erprobung von pers\u00f6nlicher Schutzausr\u00fcstung (z.B. Schutzbrillen)&#13;<br\/>Analyse und Beratung bei der Gestaltung der Arbeitspl\u00e4tze, des Arbeitsablaufs, der Arbeitsumgebung und in Fragen der Ergonomie&#13;<br\/>Sicherheitstechnische Bewertung von Betriebsanlagen und Arbeitsmitteln vor Inbetriebnahme&#13;<br\/>Untersuchung von Arbeitsunf\u00e4llen und deren Ursachen&#13;<br\/>Unterst\u00fctzung bei der F\u00f6rderung der Mitarbeitergesundheit (z.B. physische und psychische Gesundheit, altersgerechte Arbeitspl\u00e4tze)&#13;<br\/>Schulung Ihrer Sicherheitsbeauftragten und anderen Mitarbeiter&#13;<br\/><br\/><br\/>CE-Kennzeichnung<br\/><h2>\u00a0<\/h2>&#13;<br\/><h3><a href=\"http:\/\/graubner-gmbh.de\/ce-kennzeichnung\">CE-Kennzeichnung<\/a><\/h3>&#13;<br\/>&#13;<br\/>Beratung bei Planung, Ausf\u00fchrung und Unterhaltung von Betriebsanlagen&#13;<br\/>Sicherheitstechnische Bewertung von Betriebsanlagen und Arbeitsmitteln vor Inbetriebnahme&#13;<br\/>Erstellung von Konformit\u00e4tserkl\u00e4rungen&#13;<br\/>Erstellung von Betriebsanleitungen&#13;<br\/>&#13;<br\/><h3><a href=\"http:\/\/graubner-gmbh.de\/gefaehrdungsbeurteilung\">Gef\u00e4hrdungsbeurteilungen<\/a><\/h3>&#13;<br\/>&#13;<br\/>Betriebsbegehungen&#13;<br\/>Gef\u00e4hrdungsbeurteilungen und deren regelm\u00e4\u00dfige \u00dcberpr\u00fcfung&#13;<br\/>Erstellen von Betriebs- und Arbeitsanweisungen\u00a0&#13;<br\/>Gerichtsfeste Dokumentation der Gef\u00e4hrdungsbeurteilung gem\u00e4\u00df \u00a7 6 Arbeitsschutzgesetz mit lizenzfreier Softwarel\u00f6sung&#13;<br\/><br\/><br\/>Software-Entwicklung<br\/><h3><a href=\"http:\/\/graubner-gmbh.de\/software-entwicklung\">Software-Entwicklung f\u00fcr die Anlagen- und Arbeitssicherheit<\/a><\/h3>&#13;<br\/>Kommt es zu einem Arbeitsunfall, ist gegen\u00fcber Versicherungen und ermittelnden Beh\u00f6rden nachzuweisen, dass s\u00e4mtliche Pr\u00fcfungen eines Arbeitsmittels fristgerecht durchgef\u00fchrt worden sind. Der Nachweis muss mit einer l\u00fcckenlosen Dokumentation gef\u00fchrt werden. Hier unterst\u00fctzen wir Sie gerne mit unseren Softwarel\u00f6sungen:&#13;<br\/>&#13;<br\/>Pr\u00fcfExpress: EDV unterst\u00fctzte Identifizierung der Betriebsmittel mittels PDA (PocketPC) oder Smartphone-App und Transponder (RFID), Dateneingabe vor Ort, d. h. dezentral und mobil&#13;<br\/>Weitere passgenaue L\u00f6sungen f\u00fcr Ihr Unternehmen&#13;<br\/><br\/><br\/>Software-Entwicklung<br\/>Nicht genau gefunden was Sie suchen? Rufen Sie an unter unserer kostenlosen Rufnummer 0800 \u2013 4728263 und lassen Sie uns dar\u00fcber sprechen, wie wir Sie unterst\u00fctzen k\u00f6nnen \u2013 oder nutzen Sie das\u00a0Kontaktformular.<br\/><br\/>Kontakt<br\/><a href=\"https:\/\/graubner-gmbh.de\/kontakt\">https:\/\/graubner-gmbh.de\/kontakt<\/a><br\/>icon-call<br\/>right<br\/>2<br\/><br\/>\n","protected":false},"excerpt":{"rendered":"<p>centerdisable Leistungen zur Anlagen- und Arbeitssicherheit &#13;Das Thema Anlagen- und Arbeitssicherheit kann<span class=\"excerpt-hellip\"> [\u2026]<\/span><\/p>\n","protected":false},"author":1,"featured_media":2259,"parent":2706,"menu_order":39,"comment_status":"open","ping_status":"closed","template":"","meta":{"_vp_format_video_url":"","_vp_image_focal_point":[],"footnotes":""},"class_list":["post-2685","page","type-page","status-publish","has-post-thumbnail","hentry"],"_links":{"self":[{"href":"https:\/\/graubner-gmbh.de\/en\/wp-json\/wp\/v2\/pages\/2685","targetHints":{"allow":["GET"]}}],"collection":[{"href":"https:\/\/graubner-gmbh.de\/en\/wp-json\/wp\/v2\/pages"}],"about":[{"href":"https:\/\/graubner-gmbh.de\/en\/wp-json\/wp\/v2\/types\/page"}],"author":[{"embeddable":true,"href":"https:\/\/graubner-gmbh.de\/en\/wp-json\/wp\/v2\/users\/1"}],"replies":[{"embeddable":true,"href":"https:\/\/graubner-gmbh.de\/en\/wp-json\/wp\/v2\/comments?post=2685"}],"version-history":[{"count":1,"href":"https:\/\/graubner-gmbh.de\/en\/wp-json\/wp\/v2\/pages\/2685\/revisions"}],"predecessor-version":[{"id":2689,"href":"https:\/\/graubner-gmbh.de\/en\/wp-json\/wp\/v2\/pages\/2685\/revisions\/2689"}],"up":[{"embeddable":true,"href":"https:\/\/graubner-gmbh.de\/en\/wp-json\/wp\/v2\/pages\/2706"}],"wp:featuredmedia":[{"embeddable":true,"href":"https:\/\/graubner-gmbh.de\/en\/wp-json\/wp\/v2\/media\/2259"}],"wp:attachment":[{"href":"https:\/\/graubner-gmbh.de\/en\/wp-json\/wp\/v2\/media?parent=2685"}],"curies":[{"name":"wp","href":"https:\/\/api.w.org\/{rel}","templated":true}]}}