{"id":2691,"date":"2013-12-03T13:20:23","date_gmt":"2013-12-03T12:20:23","guid":{"rendered":"https:\/\/graubner-gmbh.de\/plant-and-occupational-safety\/risk-assessment"},"modified":"2024-09-17T13:40:41","modified_gmt":"2024-09-17T11:40:41","slug":"risk-assessment","status":"publish","type":"page","link":"https:\/\/graubner-gmbh.de\/en\/the-services-of-graubner-industrie-beratung\/plant-and-occupational-safety\/risk-assessment","title":{"rendered":"Risk assessment"},"content":{"rendered":"<h1 style=\"text-align: left;\"><strong>&nbsp;<\/strong><\/h1>\n\n<p><img decoding=\"async\" src=\"https:\/\/graubner-gmbh.de\/wp-content\/uploads\/2019\/10\/Gef%C3%A4hrdungsbeurteilung.jpg\" alt=\"Risk assessment\"\/><br\/>left<br\/><br\/><\/p><h1>Gef\u00e4hrdungsbeurteilung (GBU)\u00a0\u2013 das zentrale Element der Arbeitssicherheit<\/h1>&#13;<br\/><h2>Wir zeigen Ihnen, wo sich die Gefahrenquellen in Ihrem Unternehmen verbergen!<\/h2>&#13;<br\/>Mit einer Gef\u00e4hrdungsbeurteilung decken Sie nicht nur m\u00f6gliche Gefahrenquellen auf, sondern legen damit auch den Grundstein f\u00fcr Ma\u00dfnahmen zu einer Verbesserung.\u00a0Die Analyse und Beurteilung m\u00f6glicher Gef\u00e4hrdungen am Arbeitsplatz und in Produktionsst\u00e4tten stellt den wichtigsten Schritt zu sicheren und gesunden Arbeitsbedingungen dar.&#13;<br\/>Nur wenn sich Ihre Mitarbeiter bei der Arbeit und im Unternehmen sicher f\u00fchlen und gesund bleiben, sind sie motiviert und zufrieden. Deshalb untersuchen wir Ihr Unternehmen im Rahmen einer Gef\u00e4hrdungsbeurteilung nicht nur nach physischen und organisatorischen Gefahrenquellen, sondern auch nach psychische Belastungen.<br\/><br\/><h3>Das bietet die Firma Graubner<\/h3>&#13;<br\/>Wir erstellen eine \u00dcbersicht aller Arbeitspl\u00e4tze und Bereiche, die es zu erfassen gilt.&#13;<br\/>Sie erhalten eine vollst\u00e4ndige gerichtsfeste Dokumentation aller Gef\u00e4hrdungen, deren Beurteilung sowie Vorschl\u00e4gen f\u00fcr Schutzma\u00dfnahmen mit Angabe der Verantwortlichen,\u00a0 des sp\u00e4testen Umsetzungstermins und des Verantwortlichen f\u00fcr die Wirksamkeitskontrolle.&#13;<br\/>Bei Planung und Umsetzung der notwendigen Schutzma\u00dfnahmen sind wir Ihnen gerne behilflich.<br\/><br\/><h3>Ihre Vorteile<\/h3>&#13;<br\/>&#13;<br\/>Erstellung von erfahrenen Fachkr\u00e4ften f\u00fcr Arbeitssicherheit&#13;<br\/>Objektive Betrachtung und Bewertung Ihres Unternehmens durch unsere \u00fcberbetrieblichen T\u00e4tigkeiten&#13;<br\/>Softwaregest\u00fctzter Umsetzungsprozess&#13;<br\/>Gerichtsfeste Dokumentation der Gef\u00e4hrdungen und aktive Ma\u00dfnahmenverfolgung in unserer Softwarel\u00f6sung&#13;<br\/><br\/><br\/>Gerne informieren wir Sie \u00fcber alle Details der Gef\u00e4hrdungsbeurteilung (GBU).Rufen Sie an unter unserer kostenlosen Rufnummer 0800 \u2013 4728263 oder nutzen Sie das Kontaktformular.<br\/><br\/>Kontakt<br\/><a href=\"https:\/\/graubner-gmbh.de\/kontakt\">https:\/\/graubner-gmbh.de\/kontakt<\/a><br\/>icon-call<br\/>right<br\/>2<br\/><br\/>\n","protected":false},"excerpt":{"rendered":"<p>&nbsp; left Gef\u00e4hrdungsbeurteilung (GBU)\u00a0\u2013 das zentrale Element der Arbeitssicherheit &#13; Wir zeigen<span class=\"excerpt-hellip\"> [\u2026]<\/span><\/p>\n","protected":false},"author":1,"featured_media":2258,"parent":2685,"menu_order":19,"comment_status":"open","ping_status":"open","template":"","meta":{"_vp_format_video_url":"","_vp_image_focal_point":[],"footnotes":""},"class_list":["post-2691","page","type-page","status-publish","has-post-thumbnail","hentry"],"_links":{"self":[{"href":"https:\/\/graubner-gmbh.de\/en\/wp-json\/wp\/v2\/pages\/2691","targetHints":{"allow":["GET"]}}],"collection":[{"href":"https:\/\/graubner-gmbh.de\/en\/wp-json\/wp\/v2\/pages"}],"about":[{"href":"https:\/\/graubner-gmbh.de\/en\/wp-json\/wp\/v2\/types\/page"}],"author":[{"embeddable":true,"href":"https:\/\/graubner-gmbh.de\/en\/wp-json\/wp\/v2\/users\/1"}],"replies":[{"embeddable":true,"href":"https:\/\/graubner-gmbh.de\/en\/wp-json\/wp\/v2\/comments?post=2691"}],"version-history":[{"count":1,"href":"https:\/\/graubner-gmbh.de\/en\/wp-json\/wp\/v2\/pages\/2691\/revisions"}],"predecessor-version":[{"id":2696,"href":"https:\/\/graubner-gmbh.de\/en\/wp-json\/wp\/v2\/pages\/2691\/revisions\/2696"}],"up":[{"embeddable":true,"href":"https:\/\/graubner-gmbh.de\/en\/wp-json\/wp\/v2\/pages\/2685"}],"wp:featuredmedia":[{"embeddable":true,"href":"https:\/\/graubner-gmbh.de\/en\/wp-json\/wp\/v2\/media\/2258"}],"wp:attachment":[{"href":"https:\/\/graubner-gmbh.de\/en\/wp-json\/wp\/v2\/media?parent=2691"}],"curies":[{"name":"wp","href":"https:\/\/api.w.org\/{rel}","templated":true}]}}