{"id":2700,"date":"2014-05-30T18:52:37","date_gmt":"2014-05-30T16:52:37","guid":{"rendered":"https:\/\/graubner-gmbh.de\/plant-and-occupational-safety\/occupational-safety-specialist"},"modified":"2024-09-17T13:45:00","modified_gmt":"2024-09-17T11:45:00","slug":"occupational-safety-specialist","status":"publish","type":"page","link":"https:\/\/graubner-gmbh.de\/en\/the-services-of-graubner-industrie-beratung\/plant-and-occupational-safety\/occupational-safety-specialist","title":{"rendered":"Occupational safety specialist"},"content":{"rendered":"\n<div class=\"breadcrumb\" itemprop=\"breadcrumb\"><span><span><a href=\"https:\/\/graubner-gmbh.de\/en\">Startseite<\/a><\/span><\/span><\/div><br\/><br\/><img decoding=\"async\" src=\"https:\/\/graubner-gmbh.de\/wp-content\/uploads\/2019\/12\/Sifa.png\" alt=\"Sifa\"\/><br\/><br\/><\/p><h1>Fachkraft f\u00fcr Arbeitssicherheit<\/h1>&#13;<br\/><h2>Was sind die Aufgaben einer Fachkraft f\u00fcr Arbeitssicherheit?<\/h2>&#13;<br\/>Bereits ab dem 1. Mitarbeiter ben\u00f6tigt ein Betrieb eine Fachkraft f\u00fcr Arbeitssicherheit. Hauptaufgabe einer Fachkraft f\u00fcr Arbeitssicherheit ist es, das Unternehmen regelm\u00e4\u00dfig auf seine potentiellen Gef\u00e4hrdungen hin zu untersuchen und Ma\u00dfnahmen zur Beseitigung oder Minimierung vorzuschlagen. Dadurch k\u00f6nnen Arbeitsunf\u00e4lle vermieden werden.&#13;<br\/>Diese T\u00e4tigkeiten m\u00fcssen nicht von einem eigenen Mitarbeiter \u00fcbernommen werden, sondern k\u00f6nnen auch von einer externen Fachkraft f\u00fcr Arbeitssicherheit \u00fcbernommen werden. Dadurch erhalten Sie einen neuen und unverstellten Blick auf Ihr Unternehmen<br\/><br\/><h3>Das bietet die Firma Graubner<\/h3>&#13;<br\/>Die Firma Graubner Industrie-Beratung GmbH stellt f\u00fcr Sie die externe Fachkraft f\u00fcr Arbeitssicherheit. Wir sorgen f\u00fcr die systematische Verbesserung der Sicherheit am Arbeitsplatz und unterst\u00fctzen Sie bei der rechtssicheren Umsetzung Ihrer unternehmerischen Pflichten.&#13;<br\/>Profitieren Sie durch das branchen\u00fcbergreifende Fachwissen unserer Mitarbeiter und durch unseren objektiven Blick auf Ihr Unternehmen. Bei der Umsetzung der Aufgaben setzen wir eine f\u00fcr Sie lizenzfreie Softwarel\u00f6sung ein. Dadurch k\u00f6nnen wir die Aufgaben effizienter erledigen und Sie sparen Kosten.<br\/><br\/><h3>Ihre Vorteile<\/h3>&#13;<br\/>&#13;<br\/>Zusammenarbeit mit erfahrenen Fachkr\u00e4ften f\u00fcr Arbeitssicherheit&#13;<br\/>Entlastung f\u00fcr Sie als Unternehmer und Ihrer Mitarbeiter&#13;<br\/>Unterst\u00fctzung beim Gestalten der Arbeitspl\u00e4tze und der Arbeitsumgebungen&#13;<br\/>Kalkulierbare Kosten&#13;<br\/>Erf\u00fcllung der gesetzlichen Auflagen&#13;<br\/><br\/><br\/>Unsere Experten \u00fcbernehmen f\u00fcr Sie alle Aufgaben der Fachkraft f\u00fcr Arbeitssicherheit, vom Erstellen von Gef\u00e4hrdungsbeurteilungen bis zur j\u00e4hrlichen sicherheitstechnischen Unterweisung Ihrer Mitarbeiter. Rufen Sie an unter unserer kostenlosen Rufnummer 0800 \u2013 4728263 und lassen Sie uns dar\u00fcber sprechen,wie wir Sie unterst\u00fctzen k\u00f6nnen \u2013 oder nutzen Sie das Kontaktformular.<br\/><br\/>Kontakt<br\/><a href=\"https:\/\/graubner-gmbh.de\/kontakt\">https:\/\/graubner-gmbh.de\/kontakt<\/a><br\/>icon-call<br\/>right<br\/>2<br\/><br\/>\n","protected":false},"excerpt":{"rendered":"<p>Fachkraft f\u00fcr Arbeitssicherheit &#13; Was sind die Aufgaben einer Fachkraft f\u00fcr Arbeitssicherheit?<span class=\"excerpt-hellip\"> [\u2026]<\/span><\/p>\n","protected":false},"author":1,"featured_media":0,"parent":2685,"menu_order":13,"comment_status":"open","ping_status":"closed","template":"","meta":{"_vp_format_video_url":"","_vp_image_focal_point":[],"footnotes":""},"class_list":["post-2700","page","type-page","status-publish","hentry"],"_links":{"self":[{"href":"https:\/\/graubner-gmbh.de\/en\/wp-json\/wp\/v2\/pages\/2700","targetHints":{"allow":["GET"]}}],"collection":[{"href":"https:\/\/graubner-gmbh.de\/en\/wp-json\/wp\/v2\/pages"}],"about":[{"href":"https:\/\/graubner-gmbh.de\/en\/wp-json\/wp\/v2\/types\/page"}],"author":[{"embeddable":true,"href":"https:\/\/graubner-gmbh.de\/en\/wp-json\/wp\/v2\/users\/1"}],"replies":[{"embeddable":true,"href":"https:\/\/graubner-gmbh.de\/en\/wp-json\/wp\/v2\/comments?post=2700"}],"version-history":[{"count":1,"href":"https:\/\/graubner-gmbh.de\/en\/wp-json\/wp\/v2\/pages\/2700\/revisions"}],"predecessor-version":[{"id":2701,"href":"https:\/\/graubner-gmbh.de\/en\/wp-json\/wp\/v2\/pages\/2700\/revisions\/2701"}],"up":[{"embeddable":true,"href":"https:\/\/graubner-gmbh.de\/en\/wp-json\/wp\/v2\/pages\/2685"}],"wp:attachment":[{"href":"https:\/\/graubner-gmbh.de\/en\/wp-json\/wp\/v2\/media?parent=2700"}],"curies":[{"name":"wp","href":"https:\/\/api.w.org\/{rel}","templated":true}]}}