{"id":2702,"date":"2016-06-13T14:01:51","date_gmt":"2016-06-13T12:01:51","guid":{"rendered":"https:\/\/graubner-gmbh.de\/hazardous-substances"},"modified":"2024-09-17T14:15:33","modified_gmt":"2024-09-17T12:15:33","slug":"hazardous-substances","status":"publish","type":"page","link":"https:\/\/graubner-gmbh.de\/en\/the-services-of-graubner-industrie-beratung\/environmental-consulting\/hazardous-substances","title":{"rendered":"Hazardous substances"},"content":{"rendered":"<\/p>\n<p class=\"MsoNormal\" style=\"margin-bottom: .0001pt; line-height: normal;\">\n\n<p><\/p>\n\n<div class=\"breadcrumb\" itemprop=\"breadcrumb\"><span><span><a href=\"https:\/\/graubner-gmbh.de\/en\">Startseite<\/a><\/span><\/span><\/div><br\/><br\/><img decoding=\"async\" src=\"https:\/\/graubner-gmbh.de\/wp-content\/uploads\/2019\/10\/Gefahrstoffmanagement.jpg\" alt=\"Hazardous substance management\"\/><br\/><br\/><\/p><h1>Gefahrstoffmanagement<\/h1>&#13;<br\/><h2>Ihr Dienstleister zum Thema Gefahrstoffmanagement<\/h2>&#13;<br\/>Gerne beraten wir Sie zum Thema Gefahrstoffmanagement und unterst\u00fctzen Ihr Unternehmen mit einem externen Gefahrstoffbeauftragten.&#13;<br\/><h2>Warum Gefahrstoffmanagement?<\/h2>&#13;<br\/>Der Umgang mit Gefahrstoffen erfordert Sachkenntnis und Dokumentations- und Schulungsaufwand. Jeder Arbeitgeber hat nach \u00a76 der GefStoffV die Pflicht festzustellen, ob seine Mitarbeiter mit Gefahrstoffen umgehen. Ist dies der Fall, hat er alle Gef\u00e4hrdungen zu beurteilen. Besonders mit der Umstellung auf das global harmonisierte System (GHS) und durch die neue Gefahrstoffverordnung werden hierbei sehr hohe Sachkenntnisse beim Anwender gefordert.<br\/><br\/><h1>Externer Gefahrstoffbeauftragter<\/h1>&#13;<br\/><h2>Was ist ein Gefahrstoffbeauftragter?<\/h2>&#13;<br\/>Betriebe, in denen mit Gefahrstoffen gearbeitet wird, unterliegen bei der Gew\u00e4hrleistung eines wirkungsvollen Arbeits- und Umweltschutzes einer besonderen Sorgfaltspflicht. Der Unternehmer ist unter anderem verpflichtet, die mit der Arbeit verbundene Gef\u00e4hrdung zu erfassen und zu beurteilen. Um die Sicherheit und den Gesundheitsschutz der Besch\u00e4ftigten zu gew\u00e4hrleisten und den gesetzlichen Auflagen gerecht zu werden, sind umfassende Kenntnisse \u00fcber die Gefahrstoffe notwendig. Um die Rechtssicherheit zu erreichen, kann diese Aufgabe an eine fachkundige Person delegiert werden, den so genannten Gefahrstoffbeauftragten.<br\/><br\/><h3>Wie kann der Gefahrstoffbeauftragte in betriebliche Strukturen eingebunden werden?<\/h3>&#13;<br\/>\u00a0<br\/><br\/><img decoding=\"async\" src=\"https:\/\/graubner-gmbh.de\/wp-content\/uploads\/2018\/10\/9.png\" alt=\"\"\/><br\/>center<br\/><br\/><h3>Das bietet die Firma Graubner<\/h3>&#13;<br\/>Die Firma Graubner Industrie-Beratung GmbH stellt f\u00fcr Sie den umfangreich qualifizierten Gefahrstoffbeauftragten. Dieser kann zum Beispiel in ASA-Sitzungen integriert werden und dort direkt \u00fcber m\u00f6gliche Ver\u00e4nderungen beraten und Ma\u00dfnahmenvorschl\u00e4ge zur sicheren Arbeit mit Gefahrstoffen unterbreiten. Zus\u00e4tzlich kann von der Firma Graubner die Fachkraft f\u00fcr Arbeitssicherheit gestellt (auch in Personalunion m\u00f6glich) werden. So ist ein umfassender Arbeits- und Umweltschutz sicher gew\u00e4hrleistet. Gerne \u00fcbernehmen wir auch die sich anschlie\u00dfende \u00dcberwachung der Ma\u00dfnahmenumsetzung.<br\/><br\/><h3>Ihre Vorteile eines externen Gefahrstoffbeauftragten<\/h3>&#13;<br\/>&#13;<br\/>Ihr Unternehmen ist rechtssicher bei Revisionen.&#13;<br\/>Sie k\u00f6nnen durch eine Substitutionspr\u00fcfung gef\u00e4hrliche Substanzen ersetzen und dabei Kosten einsparen.&#13;<br\/>Mitarbeiter und\u00a0 Umwelt werden vor gef\u00e4hrlichen Substanzen gesch\u00fctzt.&#13;<br\/>Sie entlasten Ihre Stammmitarbeiter und m\u00fcssen intern keine Ressourcen f\u00fcr das Thema aufbauen.&#13;<br\/><br\/><br\/>Lassen Sie sich von uns Ihr pers\u00f6nliches Angebot unterbreiten. Nehmen Sie Kontakt mit uns auf: Tel. 0800 4728263 oder \u00fcber das Kontaktformular.<br\/><br\/>Kontakt<br\/><a href=\"https:\/\/graubner-gmbh.de\/kontakt\">https:\/\/graubner-gmbh.de\/kontakt<\/a><br\/>icon-call<br\/>right<br\/>2<br\/><br\/>\n","protected":false},"excerpt":{"rendered":"<p>Gefahrstoffmanagement &#13; Ihr Dienstleister zum Thema Gefahrstoffmanagement &#13;Gerne beraten wir Sie zum<span class=\"excerpt-hellip\"> [\u2026]<\/span><\/p>\n","protected":false},"author":1,"featured_media":0,"parent":2725,"menu_order":8,"comment_status":"open","ping_status":"closed","template":"","meta":{"_vp_format_video_url":"","_vp_image_focal_point":[],"footnotes":""},"class_list":["post-2702","page","type-page","status-publish","hentry"],"_links":{"self":[{"href":"https:\/\/graubner-gmbh.de\/en\/wp-json\/wp\/v2\/pages\/2702","targetHints":{"allow":["GET"]}}],"collection":[{"href":"https:\/\/graubner-gmbh.de\/en\/wp-json\/wp\/v2\/pages"}],"about":[{"href":"https:\/\/graubner-gmbh.de\/en\/wp-json\/wp\/v2\/types\/page"}],"author":[{"embeddable":true,"href":"https:\/\/graubner-gmbh.de\/en\/wp-json\/wp\/v2\/users\/1"}],"replies":[{"embeddable":true,"href":"https:\/\/graubner-gmbh.de\/en\/wp-json\/wp\/v2\/comments?post=2702"}],"version-history":[{"count":1,"href":"https:\/\/graubner-gmbh.de\/en\/wp-json\/wp\/v2\/pages\/2702\/revisions"}],"predecessor-version":[{"id":2704,"href":"https:\/\/graubner-gmbh.de\/en\/wp-json\/wp\/v2\/pages\/2702\/revisions\/2704"}],"up":[{"embeddable":true,"href":"https:\/\/graubner-gmbh.de\/en\/wp-json\/wp\/v2\/pages\/2725"}],"wp:attachment":[{"href":"https:\/\/graubner-gmbh.de\/en\/wp-json\/wp\/v2\/media?parent=2702"}],"curies":[{"name":"wp","href":"https:\/\/api.w.org\/{rel}","templated":true}]}}