{"id":2705,"date":"2016-01-21T07:59:14","date_gmt":"2016-01-21T06:59:14","guid":{"rendered":"https:\/\/graubner-gmbh.de\/risk-management"},"modified":"2024-09-17T15:09:07","modified_gmt":"2024-09-17T13:09:07","slug":"risk-management","status":"publish","type":"page","link":"https:\/\/graubner-gmbh.de\/en\/the-services-of-graubner-industrie-beratung\/customized-services\/risk-management","title":{"rendered":"Risk management"},"content":{"rendered":"\n<div class=\"breadcrumb\" itemprop=\"breadcrumb\"><span><span><a href=\"https:\/\/graubner-gmbh.de\/en\">Startseite<\/a><\/span><\/span><\/div><br\/><br\/><\/p><h1>Mit der FMEA-ANALYSE Fehler vermeiden<\/h1><br\/><br\/><h2>Was bringt die FMEA Methode?<\/h2>&#13;<br\/>Ein wichtiges Werkzeug im Rahmen des Qualit\u00e4ts- oder auch des Sicherheitsmanagements ist die FMEA-Analyse (Fehler-M\u00f6glichkeits- und Einfluss-Analyse). Die Methode erm\u00f6glicht die Fehlervermeidung und Erh\u00f6hung der technischen Zuverl\u00e4ssigkeit bereits in der Entwicklungsphase eines neuen Produktes oder Prozesses. Einsatzgebiete sind neben der Automobilindustrie viele weitere Industriezweige.&#13;<br\/><h2>Wie funktioniert die FMEA Methode?<\/h2>&#13;<br\/>Bei der FMEA Analyse werden die Strukturen eines Prozesses oder eines Systems mit den zugeh\u00f6rigen Funktionen abgebildet und zu einem Funktionsnetz verkn\u00fcpft. Aus den beschriebenen Funktionen werden dann m\u00f6gliche Fehlfunktionen ermittelt, deren Ursachen und Folgen sich zu einem Fehlernetz verbinden lassen. Im n\u00e4chsten Schritt wird das Risiko jeder Fehlfunktion bewertet. Die bereits vorhandenen Vermeidungs- und Entdeckungsma\u00dfnahmen werden dabei dokumentiert. Um das Risiko f\u00fcr die Fehlfunktionen zu reduzieren, werden im letzten Schritt zus\u00e4tzliche Ma\u00dfnahmen definiert und Verantwortliche f\u00fcr die Ma\u00dfnahmenumsetzung\u00a0 benannt.<br\/><br\/><img decoding=\"async\" src=\"https:\/\/graubner-gmbh.de\/wp-content\/uploads\/2018\/10\/44.jpeg\" alt=\"\"\/><br\/><br\/>default<br\/><br\/><h2>Das bietet die Firma Graubner<\/h2>&#13;<br\/>Die Firma Graubner \u00fcbernimmt f\u00fcr Sie die komplette Durchf\u00fchrung der FMEA.&#13;<br\/>Dazu geh\u00f6rt die organisatorische und konzeptionelle Vorbereitung der Sitzungen, die Moderation der FMEA mit allen 5 Schritten, die simultane Dokumentation mit der Software APIS IQ-FMEA sowie die Auswertung und Pr\u00e4sentation der Ergebnisse. Gerne \u00fcbernehmen wir auch die sich anschlie\u00dfende \u00dcberwachung der Ma\u00dfnahmenumsetzung.<br\/><br\/><h2>Ihre Vorteile<\/h2>&#13;<br\/>&#13;<br\/>Qualit\u00e4tssicherung durch fr\u00fchzeitiges Erkennen von m\u00f6glichen Fehlern&#13;<br\/>Erh\u00f6hung der Verf\u00fcgbarkeit von Anlagen&#13;<br\/>Gew\u00e4hrleistung von Sicherheitsanspr\u00fcchen&#13;<br\/>Vermeidung von Kosten durch R\u00fcckrufaktionen oder Stillstandzeiten&#13;<br\/><br\/><br\/>Rufen Sie an unter unserer\u00a0kostenlosen Rufnummer 0800 &#8211; 4728263\u00a0und lassen Sie uns dar\u00fcber sprechen, wie wir Sie unterst\u00fctzen k\u00f6nnen &#8211;\u00a0 oder nutzen Sie das\u00a0Kontaktformular.<br\/><br\/>Kontakt<br\/><a href=\"https:\/\/graubner-gmbh.de\/kontakt\">https:\/\/graubner-gmbh.de\/kontakt<\/a><br\/>icon-call<br\/>right<br\/>2<br\/><br\/>\n","protected":false},"excerpt":{"rendered":"<p>Mit der FMEA-ANALYSE Fehler vermeiden Was bringt die FMEA Methode? &#13;Ein wichtiges<span class=\"excerpt-hellip\"> [\u2026]<\/span><\/p>\n","protected":false},"author":1,"featured_media":2316,"parent":2746,"menu_order":9,"comment_status":"open","ping_status":"closed","template":"","meta":{"_vp_format_video_url":"","_vp_image_focal_point":[],"footnotes":""},"class_list":["post-2705","page","type-page","status-publish","has-post-thumbnail","hentry"],"_links":{"self":[{"href":"https:\/\/graubner-gmbh.de\/en\/wp-json\/wp\/v2\/pages\/2705","targetHints":{"allow":["GET"]}}],"collection":[{"href":"https:\/\/graubner-gmbh.de\/en\/wp-json\/wp\/v2\/pages"}],"about":[{"href":"https:\/\/graubner-gmbh.de\/en\/wp-json\/wp\/v2\/types\/page"}],"author":[{"embeddable":true,"href":"https:\/\/graubner-gmbh.de\/en\/wp-json\/wp\/v2\/users\/1"}],"replies":[{"embeddable":true,"href":"https:\/\/graubner-gmbh.de\/en\/wp-json\/wp\/v2\/comments?post=2705"}],"version-history":[{"count":1,"href":"https:\/\/graubner-gmbh.de\/en\/wp-json\/wp\/v2\/pages\/2705\/revisions"}],"predecessor-version":[{"id":2707,"href":"https:\/\/graubner-gmbh.de\/en\/wp-json\/wp\/v2\/pages\/2705\/revisions\/2707"}],"up":[{"embeddable":true,"href":"https:\/\/graubner-gmbh.de\/en\/wp-json\/wp\/v2\/pages\/2746"}],"wp:featuredmedia":[{"embeddable":true,"href":"https:\/\/graubner-gmbh.de\/en\/wp-json\/wp\/v2\/media\/2316"}],"wp:attachment":[{"href":"https:\/\/graubner-gmbh.de\/en\/wp-json\/wp\/v2\/media?parent=2705"}],"curies":[{"name":"wp","href":"https:\/\/api.w.org\/{rel}","templated":true}]}}