{"id":2712,"date":"2018-10-19T09:27:58","date_gmt":"2018-10-19T07:27:58","guid":{"rendered":"https:\/\/graubner-gmbh.de\/water-protection"},"modified":"2024-11-22T11:43:17","modified_gmt":"2024-11-22T10:43:17","slug":"water-protection","status":"publish","type":"page","link":"https:\/\/graubner-gmbh.de\/en\/the-services-of-graubner-industrie-beratung\/environmental-consulting\/water-protection","title":{"rendered":"Water protection"},"content":{"rendered":"\n<div class=\"breadcrumb\" itemprop=\"breadcrumb\"><span><span><a href=\"https:\/\/graubner-gmbh.de\/en\">Startseite<\/a><\/span><\/span><\/div><br\/><br\/><img decoding=\"async\" src=\"https:\/\/graubner-gmbh.de\/wp-content\/uploads\/2019\/10\/Gew%C3%A4sser.jpg\" alt=\"Water protection officer\"\/><br\/><br\/><\/p><h1>Ihr Dienstleister zum Thema Gew\u00e4sserschutz<\/h1>&#13;<br\/>Gerne beraten wir Sie zum Gew\u00e4sserschutz und stehen Ihnen als externer Gew\u00e4sserschutzbeauftragter zur Seite.&#13;<br\/><h1>Wer ben\u00f6tigt einen Gew\u00e4sserschutzbeauftragten?<\/h1>&#13;<br\/>Unternehmen, die an einem Tag mehr als 750 m\u00b3 Abwasser einleiten d\u00fcrfen, m\u00fcssen einen oder mehrere Beauftragte f\u00fcr Gew\u00e4sserschutz bestellen. Der Gew\u00e4sserschutzbeauftragte sorgt f\u00fcr die Einhaltung der einschl\u00e4gigen rechtlichen Regelungen und wirkt auf die Anwendung geeigneter Abwasserbehandlungsverfahren hin. Au\u00dferdem stellt er sicher, dass beim Umgang mit wassergef\u00e4hrdenden Stoffen die Regeln der AwSV eingehalten werden.<br\/><br\/><h3>Aufgaben des Gew\u00e4sserschutzbeauftragten<\/h3>&#13;<br\/><h3><img decoding=\"async\" src=\"https:\/\/graubner-gmbh.de\/wp-content\/uploads\/2018\/11\/Aufgaben_Gewsserschutz-2.jpg\" alt=\"\"\/><\/h3><br\/><br\/><h3>Das bietet die Firma Graubner<\/h3>&#13;<br\/>Die Firma Graubner Industrie-Beratung GmbH stellt f\u00fcr Sie den umfangreich qualifizierten Gew\u00e4sserschutzbeauftragten. Durch die richtige Einbindung des Gew\u00e4sserschutzbeauftragten in Ihren Betrieb k\u00f6nnen auch kostensparende Betriebsoptimierungen z.B. durch Abwassereinsparung oder Substitution von wassergef\u00e4hrdenden Substanzen erreicht werden. Durch die externe T\u00e4tigkeit ist ein gro\u00dfer Erfahrungsschatz nutzbar. Wir versichern Ihnen, dass unsere Betriebsbeauftragten f\u00fcr Gew\u00e4sserschutz die im Wasserhaushaltsgesetz geforderte Fachkunde und Zuverl\u00e4ssigkeit besitzen. Auch kann in Personalunion ein Immissionsschutzbeauftragter oder St\u00f6rfallbeauftragter bestellt werden.<br\/><br\/><h3>Ihre Vorteile<\/h3>&#13;<br\/>&#13;<br\/>Ihr Unternehmen ist rechtssicher bei Revisionen.&#13;<br\/>Es k\u00f6nnen Kosten durch Abwassereinsparung und Optimierung der Abwasserbehandlungsverfahren eingespart werden.&#13;<br\/>Ihre Mitarbeiter und die Umwelt werden vor gef\u00e4hrlichen Substanzen gesch\u00fctzt.&#13;<br\/>Sie entlasten Ihre Stammmitarbeiter und m\u00fcssen intern keine Ressourcen f\u00fcr das Thema aufbauen.&#13;<br\/>Sie erhalten konkrete Handlungsempfehlungen und Beratung bei der technischen Umsetzung.&#13;<br\/><br\/><br\/>Lassen Sie sich von uns Ihr pers\u00f6nliches Angebot unterbreiten. Nehmen Sie Kontakt mit uns auf: Tel. 0800 4728263 oder \u00fcber das Kontaktformular.<br\/><br\/>Kontakt<br\/><a href=\"https:\/\/graubner-gmbh.de\/kontakt\">https:\/\/graubner-gmbh.de\/kontakt<\/a><br\/>icon-call<br\/>left<br\/>2<br\/><br\/>\n","protected":false},"excerpt":{"rendered":"<p>Ihr Dienstleister zum Thema Gew\u00e4sserschutz &#13;Gerne beraten wir Sie zum Gew\u00e4sserschutz und<span class=\"excerpt-hellip\"> [\u2026]<\/span><\/p>\n","protected":false},"author":1,"featured_media":0,"parent":2725,"menu_order":0,"comment_status":"closed","ping_status":"closed","template":"","meta":{"_vp_format_video_url":"","_vp_image_focal_point":[],"footnotes":""},"class_list":["post-2712","page","type-page","status-publish","hentry"],"_links":{"self":[{"href":"https:\/\/graubner-gmbh.de\/en\/wp-json\/wp\/v2\/pages\/2712","targetHints":{"allow":["GET"]}}],"collection":[{"href":"https:\/\/graubner-gmbh.de\/en\/wp-json\/wp\/v2\/pages"}],"about":[{"href":"https:\/\/graubner-gmbh.de\/en\/wp-json\/wp\/v2\/types\/page"}],"author":[{"embeddable":true,"href":"https:\/\/graubner-gmbh.de\/en\/wp-json\/wp\/v2\/users\/1"}],"replies":[{"embeddable":true,"href":"https:\/\/graubner-gmbh.de\/en\/wp-json\/wp\/v2\/comments?post=2712"}],"version-history":[{"count":1,"href":"https:\/\/graubner-gmbh.de\/en\/wp-json\/wp\/v2\/pages\/2712\/revisions"}],"predecessor-version":[{"id":2713,"href":"https:\/\/graubner-gmbh.de\/en\/wp-json\/wp\/v2\/pages\/2712\/revisions\/2713"}],"up":[{"embeddable":true,"href":"https:\/\/graubner-gmbh.de\/en\/wp-json\/wp\/v2\/pages\/2725"}],"wp:attachment":[{"href":"https:\/\/graubner-gmbh.de\/en\/wp-json\/wp\/v2\/media?parent=2712"}],"curies":[{"name":"wp","href":"https:\/\/api.w.org\/{rel}","templated":true}]}}