{"id":2714,"date":"2019-06-25T06:59:59","date_gmt":"2019-06-25T04:59:59","guid":{"rendered":"https:\/\/graubner-gmbh.de\/technical-documentation"},"modified":"2024-09-17T14:37:16","modified_gmt":"2024-09-17T12:37:16","slug":"technical-documentation","status":"publish","type":"page","link":"https:\/\/graubner-gmbh.de\/en\/the-services-of-graubner-industrie-beratung\/customized-services\/technical-documentation","title":{"rendered":"Technical documentation"},"content":{"rendered":"\n<div class=\"breadcrumb\" itemprop=\"breadcrumb\"><span><span><a href=\"https:\/\/graubner-gmbh.de\/en\">Startseite<\/a><\/span><\/span><\/div><br\/><br\/>Technical documentation<br\/><\/p><h1><img decoding=\"async\" src=\"https:\/\/graubner-gmbh.de\/wp-content\/uploads\/2019\/10\/Technische-Dokumentation.jpg\" alt=\"Technische-Dokumentation\"\/><\/h1>&#13;<br\/><h1>Technische Dokumentation<\/h1>&#13;<br\/><h2>Technische Dokumentation von Maschinen, Anlagen, Software oder Produkten<\/h2>&#13;<br\/>Unsere Mitarbeiter verf\u00fcgen \u00fcber langj\u00e4hrige Erfahrungen in der Erstellung von Betriebs- bzw. Bedienungsanleitungen und Kurzanleitungen. Wir unterst\u00fctzen Sie gerne bei der Erstellung neuer Betriebsanleitungen oder Kurzanleitungen oder der \u00dcberpr\u00fcfung der Dokumente.<br\/><br\/>Technische Dokumentation<br\/><h3>Betriebsanleitungen<\/h3>&#13;<br\/>Das Produktsicherheitsgesetz und die Maschinenrichtlinie fordern zwingend die Beigabe einer Betriebsanleitung bei der Auslieferung einer Maschine bzw. eines Produktes. Ohne dieses Dokument gilt das Produkt als nicht sicher. Je nach Produkt oder Maschine k\u00f6nnen dabei hohe Anforderungen an die Betriebsanleitung gestellt werden.&#13;<br\/>Eine hochwertige Betriebsanleitung ist nicht nur von Rechts wegen notwendig f\u00fcr ein sicheres Produkt, sondern tr\u00e4gt auch ma\u00dfgeblich zu einer hohen Kundenzufriedenheit mit dem Produkt selbst bei.&#13;<br\/>Wir erstellen, \u00fcberarbeiten und pflegen f\u00fcr Sie Betriebsanleitungen f\u00fcr Maschinen, Software oder weitere Produkte, normen- und zielgruppengerecht.<br\/><br\/>Technische Dokumentation<br\/><h3>Kurzanleitungen<\/h3>&#13;<br\/>Es muss nicht immer eine komplette Betriebsanleitung sein. Oft reicht schon eine kurze Anleitung mit Sicherheitshinweisen und den ersten Schritten. Dies kann h\u00e4ufig grafisch und sprachneutral umgesetzt werden. Ihr Vorteil, es entstehen keine oder nur geringe \u00dcbersetzungskosten.&#13;<br\/><h3>Dokucheck und Lektorat<\/h3>&#13;<br\/>Sie haben bereits Betriebsanleitungen und Dokumentationen?&#13;<br\/>Wir \u00fcberpr\u00fcfen gerne ihre Dokumente, ob diese den aktuellen Normen entsprechen und lektorieren auf sprachliche Konsistenz.<br\/><br\/>Technische Dokumentation<br\/>Suchen Sie einen kompetenten und zuverl\u00e4ssigen Dienstleister f\u00fcr Betriebsanleitungen oder Kurzanleitungen? Dann sind Sie bei uns richtig.\u00a0Rufen Sie uns an 0800 \u2013 4728263 oder nutzen Sie unser Kontaktformular.&#13;<br\/><h1>\u00a0<\/h1><br\/><br\/>Kontakt<br\/><a href=\"https:\/\/graubner-gmbh.de\/kontakt\">https:\/\/graubner-gmbh.de\/kontakt<\/a><br\/>icon-call<br\/>right<br\/>2<br\/><br\/>\n","protected":false},"excerpt":{"rendered":"<p>Technical documentation &#13; Technische Dokumentation &#13; Technische Dokumentation von Maschinen, Anlagen, Software<span class=\"excerpt-hellip\"> [\u2026]<\/span><\/p>\n","protected":false},"author":2,"featured_media":0,"parent":2746,"menu_order":0,"comment_status":"closed","ping_status":"closed","template":"","meta":{"_vp_format_video_url":"","_vp_image_focal_point":[],"footnotes":""},"class_list":["post-2714","page","type-page","status-publish","hentry"],"_links":{"self":[{"href":"https:\/\/graubner-gmbh.de\/en\/wp-json\/wp\/v2\/pages\/2714","targetHints":{"allow":["GET"]}}],"collection":[{"href":"https:\/\/graubner-gmbh.de\/en\/wp-json\/wp\/v2\/pages"}],"about":[{"href":"https:\/\/graubner-gmbh.de\/en\/wp-json\/wp\/v2\/types\/page"}],"author":[{"embeddable":true,"href":"https:\/\/graubner-gmbh.de\/en\/wp-json\/wp\/v2\/users\/2"}],"replies":[{"embeddable":true,"href":"https:\/\/graubner-gmbh.de\/en\/wp-json\/wp\/v2\/comments?post=2714"}],"version-history":[{"count":1,"href":"https:\/\/graubner-gmbh.de\/en\/wp-json\/wp\/v2\/pages\/2714\/revisions"}],"predecessor-version":[{"id":2716,"href":"https:\/\/graubner-gmbh.de\/en\/wp-json\/wp\/v2\/pages\/2714\/revisions\/2716"}],"up":[{"embeddable":true,"href":"https:\/\/graubner-gmbh.de\/en\/wp-json\/wp\/v2\/pages\/2746"}],"wp:attachment":[{"href":"https:\/\/graubner-gmbh.de\/en\/wp-json\/wp\/v2\/media?parent=2714"}],"curies":[{"name":"wp","href":"https:\/\/api.w.org\/{rel}","templated":true}]}}