{"id":2719,"date":"2018-10-19T06:51:13","date_gmt":"2018-10-19T04:51:13","guid":{"rendered":"https:\/\/graubner-gmbh.de\/management-systems-2"},"modified":"2024-11-22T11:34:09","modified_gmt":"2024-11-22T10:34:09","slug":"management-systems-2","status":"publish","type":"page","link":"https:\/\/graubner-gmbh.de\/en\/the-services-of-graubner-industrie-beratung\/customized-services\/management-systems-2","title":{"rendered":"Management systems"},"content":{"rendered":"\n<div class=\"breadcrumb\" itemprop=\"breadcrumb\"><span><span><a href=\"https:\/\/graubner-gmbh.de\/en\">Startseite<\/a><\/span><\/span><\/div><br\/><br\/><\/p><h1>Managementsysteme<\/h1>&#13;<br\/>Mithilfe von Managementsystemen wird die Arbeitssicherheit in einem Betrieb kontrolliert und Schwachstellen k\u00f6nnen gezielt identifiziert werden. Verschiedene Managementsysteme bieten hierbei unterschiedliche Standards und Anforderungen.&#13;<br\/>Wir unterst\u00fctzen Sie bei der Implementierung und Pflege von Managementsystemen:&#13;<br\/>&#13;<br\/>Arbeitsschutzmanagement nach ISO 45001&#13;<br\/>Qualit\u00e4tsmanagement nach ISO 9001&#13;<br\/>Umweltmanagement nach ISO 14001 und EMAS&#13;<br\/>Instandhaltungsmanagement mit lizenzfreier Software&#13;<br\/><br\/><br\/>Rufen Sie an unter unserer\u00a0kostenlosen Rufnummer 0800 &#8211; 4728263\u00a0und lassen Sie uns dar\u00fcber sprechen, wie wir Sie unterst\u00fctzen k\u00f6nnen &#8211;\u00a0 oder nutzen Sie das\u00a0Kontaktformular.<br\/><br\/>Kontakt<br\/><a href=\"https:\/\/graubner-gmbh.de\/kontakt\">https:\/\/graubner-gmbh.de\/kontakt<\/a><br\/>icon-call<br\/>right<br\/>2<br\/><br\/>\n","protected":false},"excerpt":{"rendered":"<p>Managementsysteme &#13;Mithilfe von Managementsystemen wird die Arbeitssicherheit in einem Betrieb kontrolliert und<span class=\"excerpt-hellip\"> [\u2026]<\/span><\/p>\n","protected":false},"author":1,"featured_media":0,"parent":2746,"menu_order":0,"comment_status":"closed","ping_status":"closed","template":"","meta":{"_vp_format_video_url":"","_vp_image_focal_point":[],"footnotes":""},"class_list":["post-2719","page","type-page","status-publish","hentry"],"_links":{"self":[{"href":"https:\/\/graubner-gmbh.de\/en\/wp-json\/wp\/v2\/pages\/2719","targetHints":{"allow":["GET"]}}],"collection":[{"href":"https:\/\/graubner-gmbh.de\/en\/wp-json\/wp\/v2\/pages"}],"about":[{"href":"https:\/\/graubner-gmbh.de\/en\/wp-json\/wp\/v2\/types\/page"}],"author":[{"embeddable":true,"href":"https:\/\/graubner-gmbh.de\/en\/wp-json\/wp\/v2\/users\/1"}],"replies":[{"embeddable":true,"href":"https:\/\/graubner-gmbh.de\/en\/wp-json\/wp\/v2\/comments?post=2719"}],"version-history":[{"count":1,"href":"https:\/\/graubner-gmbh.de\/en\/wp-json\/wp\/v2\/pages\/2719\/revisions"}],"predecessor-version":[{"id":2721,"href":"https:\/\/graubner-gmbh.de\/en\/wp-json\/wp\/v2\/pages\/2719\/revisions\/2721"}],"up":[{"embeddable":true,"href":"https:\/\/graubner-gmbh.de\/en\/wp-json\/wp\/v2\/pages\/2746"}],"wp:attachment":[{"href":"https:\/\/graubner-gmbh.de\/en\/wp-json\/wp\/v2\/media?parent=2719"}],"curies":[{"name":"wp","href":"https:\/\/api.w.org\/{rel}","templated":true}]}}