{"id":2722,"date":"2018-10-20T08:08:16","date_gmt":"2018-10-20T06:08:16","guid":{"rendered":"https:\/\/graubner-gmbh.de\/history"},"modified":"2024-09-18T08:35:56","modified_gmt":"2024-09-18T06:35:56","slug":"history","status":"publish","type":"page","link":"https:\/\/graubner-gmbh.de\/en\/about-us\/history","title":{"rendered":"History"},"content":{"rendered":"\n<div class=\"breadcrumb\" itemprop=\"breadcrumb\"><span><span><a href=\"https:\/\/graubner-gmbh.de\/en\">Startseite<\/a><\/span><\/span><\/div><br\/><br\/><\/p><h1>Historie der Firma Graubner<\/h1>Sebastian Graubner war schon als Kind und Jugendlicher sehr innovativ und ein Unternehmer. Zusammen mit einem Freund er\u00f6ffnete er einen mobilen Fahrrad- Reparaturservice und machte in der regionalen Presse Werbung daf\u00fcr. Mit dem Werkzeug in den Satteltaschen fuhren Sie zu Ihren Kunden um die Fahrr\u00e4der zu reparieren.Im Alter von 17 Jahren war sein Berufswunsch, Segelboote zu bauen. So arbeite er nach dem Abitur 1986 zun\u00e4chst zur See als Tellerw\u00e4scher und ging dann nach Italien, um auf der Bootswerft Sangermani in Lavagna das Handwerk des Holzbootsbauers zu erlernen. Anf\u00e4nglich ohne Italienischkenntnisse erlernte er schlie\u00dflich die hohe Kunst des Bootsbaus. 1989 gr\u00fcndete er die Firma Graubner.<br\/><br\/>1989<br\/><br\/>Gr\u00fcndung der Firma Graubner als Einzelunternehmen in Italien. Bau und Reparatur von Booten<br\/><br\/>1989\u00a0<br\/><br\/>Erster gro\u00dfer Auftrag: Refit der italienischen Yacht f\u00fcr die Whitbread Round the World Race (Vorg\u00e4nger der Volvo Ocean Race)&#13;<br\/><a href=\"https:\/\/graubner-gmbh.de\/wp-content\/uploads\/2019\/12\/1505195644549-bf23ecea-502f-4ee0-8088-d007062ad51d-1-scaled.jpg\"><img decoding=\"async\" src=\"https:\/\/graubner-gmbh.de\/wp-content\/uploads\/2019\/12\/1505195644549-bf23ecea-502f-4ee0-8088-d007062ad51d-1-225x300.jpg\" alt=\"\"\/><\/a><br\/><br\/>1989 &#8211; 1992<br\/><br\/>Mitarbeit am Neubau des Fast Cruisers Wallygator, designend von Luca Brenta f\u00fcr Luca Bassani, dem sp\u00e4teren Gr\u00fcnder von Wally Yachts \u2013 weltweit f\u00fchrender Hersteller von Superjachten.\u00a0Revolution\u00e4r war damals der Komposit-Rumpf: formverleimte Zedernholzlamellen, Kohlefaser, Kevlar, Fiberglas\u00a0Die Wallygator war der erste Fast Cruiser im Mittelmeer mit Kohlefasermast&#13;<br\/><a href=\"https:\/\/graubner-gmbh.de\/wp-content\/uploads\/2019\/12\/1505062027626-b6ab93bc-0ccd-43ec-be62-3e39d20d0f1ebearbeitet-scaled.jpg\"><img decoding=\"async\" src=\"https:\/\/graubner-gmbh.de\/wp-content\/uploads\/2019\/12\/1505062027626-b6ab93bc-0ccd-43ec-be62-3e39d20d0f1ebearbeitet-300x200.jpg\" alt=\"\"\/><\/a><a href=\"https:\/\/graubner-gmbh.de\/wp-content\/uploads\/2019\/12\/1505061999328-4fd711fb-2c8e-4d35-bbb6-6ca98a08ea2bbearbeitet-scaled.jpg\"><img decoding=\"async\" src=\"https:\/\/graubner-gmbh.de\/wp-content\/uploads\/2019\/12\/1505061999328-4fd711fb-2c8e-4d35-bbb6-6ca98a08ea2bbearbeitet-200x300.jpg\" alt=\"\"\/><\/a><a href=\"https:\/\/graubner-gmbh.de\/wp-content\/uploads\/2019\/12\/1505195941284-b1d59273-d963-4c48-9144-cdff39f2bf0a-scaled.jpg\"><img decoding=\"async\" src=\"https:\/\/graubner-gmbh.de\/wp-content\/uploads\/2019\/12\/1505195941284-b1d59273-d963-4c48-9144-cdff39f2bf0a-225x300.jpg\" alt=\"\"\/><\/a><br\/><br\/>1992<br\/><br\/>Teilnahme an verschiedenen Regatten als Besatzungsmitglied der Wallygator&#13;<br\/><a href=\"https:\/\/graubner-gmbh.de\/wp-content\/uploads\/2019\/12\/1505195838900-cc7753a9-5ffd-4b8b-a3b8-b21b18d4411d-scaled.jpg\"><img decoding=\"async\" src=\"https:\/\/graubner-gmbh.de\/wp-content\/uploads\/2019\/12\/1505195838900-cc7753a9-5ffd-4b8b-a3b8-b21b18d4411d-300x200.jpg\" alt=\"\"\/><\/a><a href=\"https:\/\/graubner-gmbh.de\/wp-content\/uploads\/2019\/12\/1505195887410-9b051766-df8f-4c66-b945-973bf8643ee0-scaled.jpg\"><img decoding=\"async\" src=\"https:\/\/graubner-gmbh.de\/wp-content\/uploads\/2019\/12\/1505195887410-9b051766-df8f-4c66-b945-973bf8643ee0-300x200.jpg\" alt=\"\"\/><\/a><br\/><br\/>1992 &#8211; 1996<br\/><br\/>Aufgrund der Wirtschaftskriese in Italien R\u00fcckkehr nach Deutschland und Spezialisierung auf die Automobilbranche. Weiterentwicklung der Firma zum Beratungsunternehmen.<br\/><br\/>1996 &#8211; 2000<br\/><br\/>Bearbeitung von Projekten im Umweltschutzbereich, Entwicklung und Administrierung von Anwendung f\u00fcr das Instandhaltungsmanagement bei Daimler.&#13;<br\/><a href=\"https:\/\/graubner-gmbh.de\/wp-content\/uploads\/2019\/12\/Sebastian-Graubner-in-Bau-8-1999.jpg\"><img decoding=\"async\" src=\"https:\/\/graubner-gmbh.de\/wp-content\/uploads\/2019\/12\/Sebastian-Graubner-in-Bau-8-1999-300x225.jpg\" alt=\"\"\/><\/a><a href=\"https:\/\/graubner-gmbh.de\/wp-content\/uploads\/2019\/09\/Champan-in-Bau-14-1.jpg\"><img decoding=\"async\" src=\"https:\/\/graubner-gmbh.de\/wp-content\/uploads\/2019\/09\/Champan-in-Bau-14-1-300x205.jpg\" alt=\"\"\/><\/a><br\/><br\/>2002<br\/><br\/>Environmental Leadership Award der Daimler AG f\u00fcr unser Engagement im Umweltschutz mit dem Projekt Kontinuierliche Schadstoff\u00fcberwachung im Regenwasser&#13;<br\/><a href=\"https:\/\/graubner-gmbh.de\/wp-content\/uploads\/2019\/12\/images_Award402.jpg\"><img decoding=\"async\" src=\"https:\/\/graubner-gmbh.de\/wp-content\/uploads\/2019\/12\/images_Award402-212x300.jpg\" alt=\"\"\/><\/a><br\/><br\/>2005\u00a0<br\/><br\/>Environmental Leadership Awardd der Daimler AG f\u00fcr unser Engagement im Umweltschutz mit den Projekten\u00a0Datenbanksystem f\u00fcr umweltrelevante Ma\u00dfnahmenEinf\u00fchrung der biologischen AbwasserbehandlungEinf\u00fchrung eines neuen Abwasserkonzeptes im Mercedes-Benz Getriebewerk Rastatt der Daimler AG&#13;<br\/><a href=\"https:\/\/graubner-gmbh.de\/wp-content\/uploads\/2019\/12\/Environmental-Leadership-Award-2005-scaled.jpg\"><img decoding=\"async\" src=\"https:\/\/graubner-gmbh.de\/wp-content\/uploads\/2019\/12\/Environmental-Leadership-Award-2005-210x300.jpg\" alt=\"\"\/><\/a><a href=\"https:\/\/graubner-gmbh.de\/wp-content\/uploads\/2013\/11\/images_Award2005Champan02.jpg\"><img decoding=\"async\" src=\"https:\/\/graubner-gmbh.de\/wp-content\/uploads\/2013\/11\/images_Award2005Champan02-209x300.jpg\" alt=\"Award2005Champan02\"\/><\/a><a href=\"https:\/\/graubner-gmbh.de\/wp-content\/uploads\/2013\/11\/images_Award2005Schuch02.jpg\"><img decoding=\"async\" src=\"https:\/\/graubner-gmbh.de\/wp-content\/uploads\/2013\/11\/images_Award2005Schuch02-208x300.jpg\" alt=\"Award2005Schuch02\"\/><\/a><br\/><br\/>2005\u00a0<br\/><br\/>Einsatz der ersten Tablets bei Daimler mit der von Graubner entwickelten Anwendung f\u00fcr Instandhaltungsmanagement Gatcos&#13;<br\/><a href=\"https:\/\/graubner-gmbh.de\/wp-content\/uploads\/2019\/12\/2PICT7357_bearbeitet-scaled.png\"><img decoding=\"async\" src=\"https:\/\/graubner-gmbh.de\/wp-content\/uploads\/2019\/12\/2PICT7357_bearbeitet-300x225.png\" alt=\"\"\/><\/a><br\/><br\/>2006<br\/><br\/>Entwicklung und Einf\u00fchrung von \u201ePr\u00fcfexpress\u201c, der Anwendung zur standardisierten und papierlosen mobilen Pr\u00fcfung von Arbeitsmitteln bei Daimler in Gaggenau. Einsatz von PDAs und RFID-Tags.<br\/><br\/>2008\u00a0<br\/><br\/>Gewinner des European Auto ID-Award 2008 in der Kategorie RFID&#13;<br\/><a href=\"https:\/\/graubner-gmbh.de\/wp-content\/uploads\/2018\/10\/European-AutoID-AwardPokal-sRGB70dpi-3.jpg\"><img decoding=\"async\" src=\"https:\/\/graubner-gmbh.de\/wp-content\/uploads\/2018\/10\/European-AutoID-AwardPokal-sRGB70dpi-3.jpg\" alt=\"\"\/><\/a><br\/><br\/>2011 &#8211; 2014<br\/><br\/>Gro\u00dfprojekt \u00fcber 11 Mannjahre: Erstellung von Gef\u00e4hrdungsbeurteilungen f\u00fcr TGA-Anlagen: 22 Anlagentypen, insgesamt 515 Anlagen, 13.075 Ma\u00dfnahmen bei einem gro\u00dfen Automobilhersteller<br\/><br\/>2014\u00a0<br\/><br\/>Zertifiziert mit dem G\u00fctesiegel der GQA, der Gesellschaft f\u00fcr Qualit\u00e4t im Arbeitsschutz.&#13;<br\/><a href=\"https:\/\/graubner-gmbh.de\/wp-content\/uploads\/2019\/12\/Logo-GQA.png\"><img decoding=\"async\" src=\"https:\/\/graubner-gmbh.de\/wp-content\/uploads\/2019\/12\/Logo-GQA-300x166.png\" alt=\"\"\/><\/a><br\/><br\/>2013 &#8211; 2016\u00a0<br\/><br\/>Projektmanagement f\u00fcr einen gro\u00dfen Automobilhersteller: Aufbau einer neuen Getriebemontage in Detroit&#13;<br\/><a href=\"https:\/\/graubner-gmbh.de\/wp-content\/uploads\/2019\/12\/043_2015-04-11-14.41.47DetroitDowntown-scaled.jpg\"><img decoding=\"async\" src=\"https:\/\/graubner-gmbh.de\/wp-content\/uploads\/2019\/12\/043_2015-04-11-14.41.47DetroitDowntown-300x169.jpg\" alt=\"\"\/><\/a><br\/><br\/>2016 &#8211; 2017<br\/><br\/>Masterarbeit zusammen mit der Hochschule Karlsruhe: Entwicklung der Pr\u00fcfExpress Version 2, einer iPhone App zur Pr\u00fcfung von Arbeitsmitteln<br\/><br\/>2017\u00a0<br\/><br\/>Rezertifizierung mit dem GQA-G\u00fctesiegel&#13;<br\/><a href=\"https:\/\/graubner-gmbh.de\/wp-content\/uploads\/2019\/12\/Logo-GQA.png\"><img decoding=\"async\" src=\"https:\/\/graubner-gmbh.de\/wp-content\/uploads\/2019\/12\/Logo-GQA-300x166.png\" alt=\"\"\/><\/a><br\/><br\/>2017 &#8211; lfd.<br\/><br\/>Projektmanagement f\u00fcr einen gro\u00dfen Automobilhersteller: Aufbau einer neuen Getriebemontage in Sao Paulo, Brasilien<a href=\"https:\/\/graubner-gmbh.de\/wp-content\/uploads\/2019\/07\/20190708_1908101-e1569573100759.jpg\"><img decoding=\"async\" src=\"https:\/\/graubner-gmbh.de\/wp-content\/uploads\/2019\/07\/20190708_1908101-300x271.jpg\" alt=\"Graubner in Brasilien\"\/><\/a>\u00a0<br\/><br\/>\n","protected":false},"excerpt":{"rendered":"<p>Historie der Firma Graubner Sebastian Graubner war schon als Kind und Jugendlicher<span class=\"excerpt-hellip\"> [\u2026]<\/span><\/p>\n","protected":false},"author":1,"featured_media":0,"parent":2727,"menu_order":0,"comment_status":"closed","ping_status":"closed","template":"","meta":{"_vp_format_video_url":"","_vp_image_focal_point":[],"footnotes":""},"class_list":["post-2722","page","type-page","status-publish","hentry"],"_links":{"self":[{"href":"https:\/\/graubner-gmbh.de\/en\/wp-json\/wp\/v2\/pages\/2722","targetHints":{"allow":["GET"]}}],"collection":[{"href":"https:\/\/graubner-gmbh.de\/en\/wp-json\/wp\/v2\/pages"}],"about":[{"href":"https:\/\/graubner-gmbh.de\/en\/wp-json\/wp\/v2\/types\/page"}],"author":[{"embeddable":true,"href":"https:\/\/graubner-gmbh.de\/en\/wp-json\/wp\/v2\/users\/1"}],"replies":[{"embeddable":true,"href":"https:\/\/graubner-gmbh.de\/en\/wp-json\/wp\/v2\/comments?post=2722"}],"version-history":[{"count":1,"href":"https:\/\/graubner-gmbh.de\/en\/wp-json\/wp\/v2\/pages\/2722\/revisions"}],"predecessor-version":[{"id":2726,"href":"https:\/\/graubner-gmbh.de\/en\/wp-json\/wp\/v2\/pages\/2722\/revisions\/2726"}],"up":[{"embeddable":true,"href":"https:\/\/graubner-gmbh.de\/en\/wp-json\/wp\/v2\/pages\/2727"}],"wp:attachment":[{"href":"https:\/\/graubner-gmbh.de\/en\/wp-json\/wp\/v2\/media?parent=2722"}],"curies":[{"name":"wp","href":"https:\/\/api.w.org\/{rel}","templated":true}]}}