{"id":2725,"date":"2018-10-19T06:23:06","date_gmt":"2018-10-19T04:23:06","guid":{"rendered":"https:\/\/graubner-gmbh.de\/the-services-of-graubner-industrie-beratung\/environmental-consulting"},"modified":"2024-09-17T13:58:32","modified_gmt":"2024-09-17T11:58:32","slug":"environmental-consulting","status":"publish","type":"page","link":"https:\/\/graubner-gmbh.de\/en\/the-services-of-graubner-industrie-beratung\/environmental-consulting","title":{"rendered":"Environmental consulting"},"content":{"rendered":"\n<div class=\"breadcrumb\" itemprop=\"breadcrumb\"><span><span><a href=\"https:\/\/graubner-gmbh.de\/en\">Startseite<\/a><\/span><\/span><\/div><br\/><br\/><img decoding=\"async\" src=\"https:\/\/graubner-gmbh.de\/wp-content\/uploads\/2019\/12\/Umweltschutz1.png\" alt=\"Environmental protection(1)\"\/><br\/><br\/><\/p><h1>Umweltschutzberatung<\/h1>&#13;<br\/><h2>Wir unterst\u00fctzen Industrieunternehmen, Logistik und Handel sowie Planungsb\u00fcros bei umwelttechnischen Themen.<\/h2><br\/><br\/><h3>Unsere Leistungen im Bereich Umweltschutz f\u00fcr Sie:<\/h3>Stellen externer Gew\u00e4sserschutzbeauftragter nach \u00a7 64 WHGStellen externer GefahrstoffbeauftragterStellen externer AbfallbeauftragterUnterst\u00fctzung bestehender Umweltschutzabteilungen bei Genehmigungsverfahren, beim Neu- oder Ausbau von AnlagenUmweltbezogene Bestandsaufnahme, Bewertung vorhandener AnlagenAwSV Beratung (Verordnung \u00fcber Anlagen zum Umgang mit wassergef\u00e4hrdenden Stoffen)<br\/><br\/><h3>Ihre Vorteile<\/h3>Sie entlasten Ihrer Stammmitarbeiter und m\u00fcssen keine Ressourcen f\u00fcr das Thema Umweltschutz aufbauen.Sie erlangen Rechtssicherheit beim Gew\u00e4sserschutz und Immissionsschutz gegen\u00fcber den Beh\u00f6rden.<br\/><br\/>Rufen Sie uns an \u2013 wir unterst\u00fctzen Sie gern \u2013\u00a00800 \u2013 4728263 oder nutzen Sie das Kontaktformular.<br\/><br\/>Kontakt<br\/><a href=\"https:\/\/graubner-gmbh.de\/kontakt\">https:\/\/graubner-gmbh.de\/kontakt<\/a><br\/>icon-call<br\/>right<br\/>2<br\/><br\/>\n","protected":false},"excerpt":{"rendered":"<p>Umweltschutzberatung &#13; Wir unterst\u00fctzen Industrieunternehmen, Logistik und Handel sowie Planungsb\u00fcros bei umwelttechnischen<span class=\"excerpt-hellip\"> [\u2026]<\/span><\/p>\n","protected":false},"author":1,"featured_media":0,"parent":2706,"menu_order":0,"comment_status":"closed","ping_status":"closed","template":"","meta":{"_vp_format_video_url":"","_vp_image_focal_point":[],"footnotes":""},"class_list":["post-2725","page","type-page","status-publish","hentry"],"_links":{"self":[{"href":"https:\/\/graubner-gmbh.de\/en\/wp-json\/wp\/v2\/pages\/2725","targetHints":{"allow":["GET"]}}],"collection":[{"href":"https:\/\/graubner-gmbh.de\/en\/wp-json\/wp\/v2\/pages"}],"about":[{"href":"https:\/\/graubner-gmbh.de\/en\/wp-json\/wp\/v2\/types\/page"}],"author":[{"embeddable":true,"href":"https:\/\/graubner-gmbh.de\/en\/wp-json\/wp\/v2\/users\/1"}],"replies":[{"embeddable":true,"href":"https:\/\/graubner-gmbh.de\/en\/wp-json\/wp\/v2\/comments?post=2725"}],"version-history":[{"count":1,"href":"https:\/\/graubner-gmbh.de\/en\/wp-json\/wp\/v2\/pages\/2725\/revisions"}],"predecessor-version":[{"id":2728,"href":"https:\/\/graubner-gmbh.de\/en\/wp-json\/wp\/v2\/pages\/2725\/revisions\/2728"}],"up":[{"embeddable":true,"href":"https:\/\/graubner-gmbh.de\/en\/wp-json\/wp\/v2\/pages\/2706"}],"wp:attachment":[{"href":"https:\/\/graubner-gmbh.de\/en\/wp-json\/wp\/v2\/media?parent=2725"}],"curies":[{"name":"wp","href":"https:\/\/api.w.org\/{rel}","templated":true}]}}