{"id":2730,"date":"2014-03-14T15:58:00","date_gmt":"2014-03-14T14:58:00","guid":{"rendered":"https:\/\/graubner-gmbh.de\/the-services-of-graubner-industrie-beratung\/plant-and-occupational-safety\/ce-marking"},"modified":"2024-09-17T13:32:13","modified_gmt":"2024-09-17T11:32:13","slug":"ce-marking","status":"publish","type":"page","link":"https:\/\/graubner-gmbh.de\/en\/the-services-of-graubner-industrie-beratung\/plant-and-occupational-safety\/ce-marking","title":{"rendered":"CE marking"},"content":{"rendered":"\n<div class=\"breadcrumb\" itemprop=\"breadcrumb\"><span><span><a href=\"https:\/\/graubner-gmbh.de\/en\">Startseite<\/a><\/span><\/span><\/div><br\/><br\/><img decoding=\"async\" src=\"https:\/\/graubner-gmbh.de\/wp-content\/uploads\/2019\/12\/CE.png\" alt=\"CE\"\/><br\/><br\/><\/p><h1>CE-Kennzeichnung \u2013 mehr Verantwortung f\u00fcr den Hersteller<\/h1><br\/><br\/><h2>Was ist die CE-Kennzeichnung?<\/h2>&#13;<br\/>Die CE-Kennzeichnung wird oftmals als ein Symbol neuen Denkens beschrieben, so ist nun der Hersteller f\u00fcr sein Produkt dauerhaft verantwortlich und \u00a0der Gesetzgeber legt nur noch die Rahmenbedingungen fest.Die europ\u00e4ischen Richtlinien schreiben die Vergabe von CE-Kennzeichnungen vor. \u00a0Nur wenn eine entsprechende Richtlinie das CE-Kennzeichen f\u00fcr ein Produkt fordert, ist es zul\u00e4ssig, dann aber auch zwingend erforderlich, das Zeichen anzubringen.Die CE-Kennzeichnung besagt, dass das Produkt die Anforderungen aller f\u00fcr dieses Produkt g\u00fcltigen EU-Richtlinien erf\u00fcllt. Das CE-Kennzeichen wird vom Hersteller selbst angebracht. Zusammen mit der \u00a0EU-Konformit\u00e4tserkl\u00e4rung bescheinigt er dadurch, dass er bei der Herstellung des Produktes die grundlegenden Sicherheits- und Gesundheitsanforderungen der entsprechenden EU-Richtlinien eingehalten hat.<br\/><br\/><h2>Wer muss eine CE-Kennzeichnung anbringen?<\/h2>&#13;<br\/>Verantwortlich f\u00fcr das ordnungsgem\u00e4\u00dfe Durchf\u00fchren des Verfahrens zur Konformit\u00e4tsbewertung mit allen dazu geh\u00f6renden Pflichten wie Ermitteln von Risiken oder Erstellen einer Betriebsanleitung bis zur CE-Kennzeichnung ist der Hersteller.&#13;<br\/>Zum Hersteller wird auch der Betreiber einer Maschine, der eine wesentliche Ver\u00e4nderung an einer bestehenden Anlage vornimmt.&#13;<br\/>Die Verantwortung des Herstellers kann nicht ohne weiteres auf eine dritte externe Person oder Stelle abgegeben\/delegiert werden.<br\/><br\/>default<br\/><br\/><h2>Das bietet die Firma Graubner<\/h2>&#13;<br\/>Die Firma Graubner Industrie-Beratung GmbH \u00fcberpr\u00fcft f\u00fcr Sie welche EU-Richtlinien, Verordnungen und Normen f\u00fcr Ihr Produkt relevant sind.&#13;<br\/>Wir w\u00e4hlen das f\u00fcr Sie \u00a0passende \u00a0Modul f\u00fcr das Konformit\u00e4ts-Bewertungsverfahren und f\u00fchren f\u00fcr Sie die Risikobeurteilung nach den aktuellen Gesetzesvorgaben durch.&#13;<br\/>Zus\u00e4tzlich erstellen wir f\u00fcr Sie die Betriebsanleitung und recherchieren die ben\u00f6tigten Unterlagen der Zukaufteile. Abschlie\u00dfend erstellen wir f\u00fcr Sie die Konformit\u00e4ts- oder Einbauerkl\u00e4rung und das Typenschild mit CE-Kennzeichnung.<br\/><br\/><h2>Ihre Vorteile<\/h2>&#13;<br\/>&#13;<br\/>Rechtssicherheit bei Revisionen&#13;<br\/>Nutzung unseres Know-hows und damit z\u00fcgigere Abarbeitung m\u00f6glich&#13;<br\/>Kein zus\u00e4tzlicher Aufwand durch zeitaufwendige Recherche der Zukaufteile und der zugeh\u00f6rigen Unterlagen&#13;<br\/>Kapazit\u00e4tsersparnis bei Ihren eigenen Mitarbeitern&#13;<br\/>Wir kommen zu Ihnen ins Unternehmen.&#13;<br\/>Sie erhalten konkrete Handlungsempfehlungen und Beratung bei der technischen Umsetzung.&#13;<br\/><br\/><br\/>Gerne informieren wir Sie \u00fcber alle Details der CE-Kennzeichnung. Rufen Sie an unter unserer kostenlosen Rufnummer 0800 \u2013 4728263 oder nutzen Sie das Kontaktformular.<br\/><br\/>Kontakt<br\/><a href=\"https:\/\/graubner-gmbh.de\/kontakt\">https:\/\/graubner-gmbh.de\/kontakt<\/a><br\/>icon-call<br\/>right<br\/>2<br\/><br\/>\n","protected":false},"excerpt":{"rendered":"<p>CE-Kennzeichnung \u2013 mehr Verantwortung f\u00fcr den Hersteller Was ist die CE-Kennzeichnung? &#13;Die<span class=\"excerpt-hellip\"> [\u2026]<\/span><\/p>\n","protected":false},"author":1,"featured_media":2304,"parent":2685,"menu_order":4,"comment_status":"open","ping_status":"closed","template":"","meta":{"_vp_format_video_url":"","_vp_image_focal_point":[],"footnotes":""},"class_list":["post-2730","page","type-page","status-publish","has-post-thumbnail","hentry"],"_links":{"self":[{"href":"https:\/\/graubner-gmbh.de\/en\/wp-json\/wp\/v2\/pages\/2730","targetHints":{"allow":["GET"]}}],"collection":[{"href":"https:\/\/graubner-gmbh.de\/en\/wp-json\/wp\/v2\/pages"}],"about":[{"href":"https:\/\/graubner-gmbh.de\/en\/wp-json\/wp\/v2\/types\/page"}],"author":[{"embeddable":true,"href":"https:\/\/graubner-gmbh.de\/en\/wp-json\/wp\/v2\/users\/1"}],"replies":[{"embeddable":true,"href":"https:\/\/graubner-gmbh.de\/en\/wp-json\/wp\/v2\/comments?post=2730"}],"version-history":[{"count":1,"href":"https:\/\/graubner-gmbh.de\/en\/wp-json\/wp\/v2\/pages\/2730\/revisions"}],"predecessor-version":[{"id":2731,"href":"https:\/\/graubner-gmbh.de\/en\/wp-json\/wp\/v2\/pages\/2730\/revisions\/2731"}],"up":[{"embeddable":true,"href":"https:\/\/graubner-gmbh.de\/en\/wp-json\/wp\/v2\/pages\/2685"}],"wp:featuredmedia":[{"embeddable":true,"href":"https:\/\/graubner-gmbh.de\/en\/wp-json\/wp\/v2\/media\/2304"}],"wp:attachment":[{"href":"https:\/\/graubner-gmbh.de\/en\/wp-json\/wp\/v2\/media?parent=2730"}],"curies":[{"name":"wp","href":"https:\/\/api.w.org\/{rel}","templated":true}]}}