{"id":2732,"date":"2016-06-14T08:48:20","date_gmt":"2016-06-14T06:48:20","guid":{"rendered":"https:\/\/graubner-gmbh.de\/the-services-of-graubner-industrie-beratung\/environmental-consulting\/waste-management"},"modified":"2024-09-17T14:12:29","modified_gmt":"2024-09-17T12:12:29","slug":"waste-management","status":"publish","type":"page","link":"https:\/\/graubner-gmbh.de\/en\/the-services-of-graubner-industrie-beratung\/environmental-consulting\/waste-management","title":{"rendered":"Waste management"},"content":{"rendered":"<p>&nbsp;<\/p>\n<p>&nbsp;<\/p>\n\n<div class=\"breadcrumb\" itemprop=\"breadcrumb\"><span><span><a href=\"https:\/\/graubner-gmbh.de\/en\">Startseite<\/a><\/span><\/span><\/div><br\/><br\/><img decoding=\"async\" src=\"https:\/\/graubner-gmbh.de\/wp-content\/uploads\/2019\/10\/Abfallbeauftragter1.jpg\" alt=\"Waste manager1\"\/><br\/><br\/><\/p><h1>Ihr Dienstleister zum Thema Abfallwirtschaft<\/h1>&#13;<br\/>Gerne beraten wir Sie zum Thema Abfallwirtschaft und den Anforderungen aus dem Kreislaufwirtschaftsgesetz (KrWG) und stellen den externen Abfallbeauftragten.&#13;<br\/><h2>Warum ein externer Abfallbeauftragter?<\/h2>&#13;<br\/>Das Kreislaufwirtschaftsgesetz (KrWG) verlangt in \u00a7 59, dass der Arbeitgeber Betriebsbeauftragte f\u00fcr Abfall ernennen muss. Diese Personen m\u00fcssen schriftlich beauftragt und daf\u00fcr geschult sein. Sie beraten den Betreiber und \u00fcben eine Kontrollfunktion aus. Der Beauftragte erstattet dem Betreiber j\u00e4hrlich einen schriftlichen Bericht \u00fcber die durchgef\u00fchrten sowie die geplanten Ma\u00dfnahmen.<br\/><br\/><h3>Aufgaben des Abfallbeauftragten<\/h3>&#13;<br\/><img decoding=\"async\" src=\"https:\/\/graubner-gmbh.de\/wp-content\/uploads\/2016\/06\/images_Aufgaben_Abfallbeauftragter.jpg\" alt=\"\"\/><br\/><br\/><h3>Das bietet die Firma Graubner<\/h3>&#13;<br\/>Die Firma Graubner Industrie-Beratung GmbH stellt f\u00fcr Sie den umfangreich qualifizierten Abfallbeauftragten. Dieser ber\u00e4t Sie \u00fcber M\u00f6glichkeiten der Verbesserung der bestehenden Situation, z.B. durch Abfallvermeidung oder Abfallwiederverwertung. So k\u00f6nnen Kosten eingespart und die Umwelt gesch\u00fctzt werden. Durch die externe T\u00e4tigkeit ist ein gro\u00dfer Erfahrungsschatz nutzbar. Auch kann die Funktion des Abfallbeauftragten mit anderen Beauftragtenfunktionen in Personalunion durchgef\u00fchrt werden.<br\/><br\/><h3>Ihre Vorteile<\/h3>&#13;<br\/>&#13;<br\/>Ihr Unternehmen ist rechtssicher bei Revisionen.&#13;<br\/>Sie k\u00f6nnen Kosten einsparen, wenn wir Ihnen bisher nicht erkannte M\u00f6glichkeiten der Abfallwiederverwertung aufzeigen.&#13;<br\/>Ihre Mitarbeiter und die Umwelt werden vor gef\u00e4hrlichen Substanzen gesch\u00fctzt.&#13;<br\/>Ihre Stammmitarbeiter werden entlastet und Sie m\u00fcssen intern keine Ressourcen f\u00fcr das Thema aufbauen.&#13;<br\/>Sie erhalten konkrete Handlungsempfehlungen und Beratung bei der technischen Umsetzung.&#13;<br\/><br\/><br\/>Lassen Sie sich von uns Ihr pers\u00f6nliches Angebot unterbreiten. Nehmen Sie Kontakt mit uns auf: Tel. 0800 4728263 oder \u00fcber das Kontaktformular.<br\/><br\/>Kontakt<br\/><a href=\"https:\/\/graubner-gmbh.de\/kontakt\">https:\/\/graubner-gmbh.de\/kontakt<\/a><br\/>icon-call<br\/>right<br\/>2<br\/><br\/>\n","protected":false},"excerpt":{"rendered":"<p>&nbsp; &nbsp; Ihr Dienstleister zum Thema Abfallwirtschaft &#13;Gerne beraten wir Sie zum<span class=\"excerpt-hellip\"> [\u2026]<\/span><\/p>\n","protected":false},"author":1,"featured_media":2318,"parent":2725,"menu_order":6,"comment_status":"open","ping_status":"closed","template":"","meta":{"_vp_format_video_url":"","_vp_image_focal_point":[],"footnotes":""},"class_list":["post-2732","page","type-page","status-publish","has-post-thumbnail","hentry"],"_links":{"self":[{"href":"https:\/\/graubner-gmbh.de\/en\/wp-json\/wp\/v2\/pages\/2732","targetHints":{"allow":["GET"]}}],"collection":[{"href":"https:\/\/graubner-gmbh.de\/en\/wp-json\/wp\/v2\/pages"}],"about":[{"href":"https:\/\/graubner-gmbh.de\/en\/wp-json\/wp\/v2\/types\/page"}],"author":[{"embeddable":true,"href":"https:\/\/graubner-gmbh.de\/en\/wp-json\/wp\/v2\/users\/1"}],"replies":[{"embeddable":true,"href":"https:\/\/graubner-gmbh.de\/en\/wp-json\/wp\/v2\/comments?post=2732"}],"version-history":[{"count":1,"href":"https:\/\/graubner-gmbh.de\/en\/wp-json\/wp\/v2\/pages\/2732\/revisions"}],"predecessor-version":[{"id":2733,"href":"https:\/\/graubner-gmbh.de\/en\/wp-json\/wp\/v2\/pages\/2732\/revisions\/2733"}],"up":[{"embeddable":true,"href":"https:\/\/graubner-gmbh.de\/en\/wp-json\/wp\/v2\/pages\/2725"}],"wp:featuredmedia":[{"embeddable":true,"href":"https:\/\/graubner-gmbh.de\/en\/wp-json\/wp\/v2\/media\/2318"}],"wp:attachment":[{"href":"https:\/\/graubner-gmbh.de\/en\/wp-json\/wp\/v2\/media?parent=2732"}],"curies":[{"name":"wp","href":"https:\/\/api.w.org\/{rel}","templated":true}]}}