{"id":2746,"date":"2019-12-09T14:35:21","date_gmt":"2019-12-09T13:35:21","guid":{"rendered":"https:\/\/graubner-gmbh.de\/the-services-of-graubner-industrie-beratung\/customized-services"},"modified":"2024-09-17T14:24:41","modified_gmt":"2024-09-17T12:24:41","slug":"customized-services","status":"publish","type":"page","link":"https:\/\/graubner-gmbh.de\/en\/the-services-of-graubner-industrie-beratung\/customized-services","title":{"rendered":"Customized services"},"content":{"rendered":"\n<div class=\"breadcrumb\" itemprop=\"breadcrumb\"><span><span><a href=\"https:\/\/graubner-gmbh.de\/en\">Startseite<\/a><\/span><\/span><\/div><br\/><br\/><\/p><h1>Kundenspezifische Leistungen<\/h1>&#13;<br\/>Wir bieten unseren Kunden stets die besten L\u00f6sungen, doch Kundenanforderungen sind vielseitig. Daher haben wir im Laufe der Zeit zahlreiche Zusatzleistungen entwickelt.<br\/><br\/>Technische Dokumentation: Wir unterst\u00fctzen Sie gerne bei der Erstellung neuer Betriebsanleitungen oder Kurzanleitungen oder der \u00dcberpr\u00fcfung der Dokumente. <a href=\"https:\/\/graubner-gmbh.de\/technische-dokumentation\">Zur Leistung<\/a><br\/><br\/>Managementsysteme &#8211; Alles im Griff! : Wir unterst\u00fctzen Sie nicht nur bei der Auswahl sondern auch Implementierung und Pflege von Managementsysteme im Bereich Arbeitssicherheit. <a href=\"https:\/\/graubner-gmbh.de\/management-systeme\">Zur Leistung<\/a><br\/><br\/>Schulungen &#8211; Man lernt nie aus!: Wir bieten Schulungen f\u00fcr 6 &#8211; 12 Personen an, rund um Themen der Arbeitssicherheit. <a href=\"https:\/\/graubner-gmbh.de\/externer-brandschutzbeauftragter\">Zur Leistung<\/a><br\/><br\/>Externer Brandschutzbeauftragter: Wir beraten und unterst\u00fctzt Sie bei allen Fragen des vorbeugenden, abwehrenden und organisatorischen Brandschutzes. <a href=\"https:\/\/graubner-gmbh.de\/schulungen\">Zur Leistung<\/a><br\/><br\/>Qualit\u00e4tsmanagement: Wir unterst\u00fctzen Sie durch prozessgest\u00fctztes Vorgehen bereits in der Entwicklungsphase Fehler zu vermeiden und die technische Zuverl\u00e4ssigkeit zu erh\u00f6hen. Wir sind dabei ausgebildet in der FMEA- und HAZOP-Methode. <a href=\"https:\/\/graubner-gmbh.de\/fmea-moderation\">Zur Leistung<\/a><br\/><br\/>accordion<br\/><br\/>Nicht genau gefunden, wonach Sie suchen? Dann rufen Sie uns an unter unserer kostenlosen Rufnummer 0800 &#8211; 4728263 und lassen Sie uns dar\u00fcber sprechen, wie wir Sie unterst\u00fctzen k\u00f6nnen &#8211; oder nutzen Sie das Kontaktformular.<br\/><br\/>Kontakt<br\/><a href=\"https:\/\/graubner-gmbh.de\/kontakt\">https:\/\/graubner-gmbh.de\/kontakt<\/a><br\/>icon-call<br\/>right<br\/>2<br\/><br\/>\n","protected":false},"excerpt":{"rendered":"<p>Kundenspezifische Leistungen &#13;Wir bieten unseren Kunden stets die besten L\u00f6sungen, doch Kundenanforderungen<span class=\"excerpt-hellip\"> [\u2026]<\/span><\/p>\n","protected":false},"author":6,"featured_media":0,"parent":2706,"menu_order":0,"comment_status":"closed","ping_status":"closed","template":"","meta":{"_vp_format_video_url":"","_vp_image_focal_point":[],"footnotes":""},"class_list":["post-2746","page","type-page","status-publish","hentry"],"_links":{"self":[{"href":"https:\/\/graubner-gmbh.de\/en\/wp-json\/wp\/v2\/pages\/2746","targetHints":{"allow":["GET"]}}],"collection":[{"href":"https:\/\/graubner-gmbh.de\/en\/wp-json\/wp\/v2\/pages"}],"about":[{"href":"https:\/\/graubner-gmbh.de\/en\/wp-json\/wp\/v2\/types\/page"}],"author":[{"embeddable":true,"href":"https:\/\/graubner-gmbh.de\/en\/wp-json\/wp\/v2\/users\/6"}],"replies":[{"embeddable":true,"href":"https:\/\/graubner-gmbh.de\/en\/wp-json\/wp\/v2\/comments?post=2746"}],"version-history":[{"count":1,"href":"https:\/\/graubner-gmbh.de\/en\/wp-json\/wp\/v2\/pages\/2746\/revisions"}],"predecessor-version":[{"id":2750,"href":"https:\/\/graubner-gmbh.de\/en\/wp-json\/wp\/v2\/pages\/2746\/revisions\/2750"}],"up":[{"embeddable":true,"href":"https:\/\/graubner-gmbh.de\/en\/wp-json\/wp\/v2\/pages\/2706"}],"wp:attachment":[{"href":"https:\/\/graubner-gmbh.de\/en\/wp-json\/wp\/v2\/media?parent=2746"}],"curies":[{"name":"wp","href":"https:\/\/api.w.org\/{rel}","templated":true}]}}