{"id":3557,"date":"2025-12-18T07:41:43","date_gmt":"2025-12-18T06:41:43","guid":{"rendered":"https:\/\/graubner-gmbh.de\/?page_id=3557"},"modified":"2025-12-18T08:21:47","modified_gmt":"2025-12-18T07:21:47","slug":"software-for-work-equipment-inspection","status":"publish","type":"page","link":"https:\/\/graubner-gmbh.de\/en\/the-services-of-graubner-industrie-beratung\/software-for-work-equipment-inspection","title":{"rendered":"Pr\u00fcfExpress"},"content":{"rendered":"\n<div class=\"breadcrumb\" itemprop=\"breadcrumb\"><span><span><a href=\"https:\/\/graubner-gmbh.de\/en\">Startseite<\/a><\/span><\/span><\/div><br\/><br\/><img decoding=\"async\" src=\"https:\/\/graubner-gmbh.de\/wp-content\/uploads\/2019\/10\/Softwareentwicklung.jpg\" alt=\"Software development\"\/><br\/><br\/><\/p><h1>Ma\u00dfgeschneiderte Software-Entwicklung &#8211; denn f\u00fcr alles gibt es eine L\u00f6sung.<\/h1>&#13;<br\/>Die Medien- und Software-Entwicklung stellt f\u00fcr uns die Basis f\u00fcr alle unseren Leistungen dar. Sie erm\u00f6glicht nicht nur uns sondern auch unseren Kunden eine effizientere Arbeit und mehr Sicherheit im Arbeitsalltag.&#13;<br\/>Wir\u00a0haben haben eine Vielzahl umfangreicher Anwendungen entwickelt, die in technischen und kaufm\u00e4nnischen Bereichen der Industrie eingesetzt werden.&#13;<br\/>Schwerpunkt ist die Entwicklung mit SQL, React, .net, VBA sowie Microsoft Access. Als Hardware benutzen wir neben den ganz normalen PCs, PDAs und Smartphones sowie Transponder, also RFID-Chips, Barcodes und die jeweiligen Lese- und Schreibger\u00e4te daf\u00fcr.<br\/><br\/>Prozess<br\/><h2>Benefit from our experience!<\/h2>&#13;<br\/>Aus unserer langj\u00e4hrigen Erfahrung konnten wir einen Prozess entwicklen, mit dem wir schon zahlreiche Software-Projekte erfolgreich durchgef\u00fchrt haben.&#13;<br\/>Oft muss aber nicht das Rad neu erfunden werden sondern bereits vorhandene Software angepasst werden. Dann passen wir den Prozess nat\u00fcrlich indiviudell an.&#13;<br\/>Wir lassen Sie nat\u00fcrlich nicht alleine mit unserer Software. Auf einen guten Support legen wir besonderen Wert.<br\/><br\/>Analyse: Gemeinsam analysieren wir mit den wesentlichen Prozessbeteiligten den Ist-Stand des durch Hard-\/Software (neu) zu unterst\u00fctzenden Prozesses. Dieser Ist-Stand wird gemeinsam visualisiert.<br\/><br\/>Hinterfragen: Im 2. Schritt stellen wir Fragen, gerne unkonventionell, auch mal provokant und ketzerisch. Antworten wie \\&#8221; Das machen wir schon immer so!\\&#8221; hinterfragen wir. Dabei decken wir eventuelle Fehler auf und optimieren den Prozess vor dem Hintergrund einer Unterst\u00fctzung durch Soft- und Hardware. Wir entwickeln also den Sollstand. Je nach Umfang w\u00fcrden diese ersten beiden Schritte im Rahmen eines Workshops und in Klausur, dass hei\u00dft ungest\u00f6rt vom Tagesgesch\u00e4ft, erfolgen.<br\/><br\/>L\u00f6sung: Nach dem Workshop entwerfen wir eine L\u00f6sung und stellen Ihnen in einem erneuten gemeinsamen Termin den m\u00f6glichen Prozessablauf, die Eingabemasken, Berichte und Schnittstellen etc. vor.<br\/><br\/>Angebot: Wenn der erarbeitete Sollstand verabschiedet ist, erstellen wir Ihnen ein verbindliches Angebot mit einer verbindlichen Terminschiene.<br\/><br\/>Entwicklung: Dann kommt die eigentliche Entwicklung &#8211; die Programmierung. Oft geht die Implementierung der neuen L\u00f6sung einher mit einer Migration der Bestandsdaten.<br\/><br\/><br\/>Referenzen<br\/><h2><a title=\"Graubner GmbH Occupational safety Pr&#xFC;fExpress\" href=\"https:\/\/graubner-gmbh.de\/prufexpress\">Pr\u00fcfExpress<\/a><\/h2>&#13;<br\/>Pr\u00fcfExpress ist eine Software, die in Zusammenarbeit mit einem gro\u00dfen Automobilkonzern entwickelt wurde und erm\u00f6glicht die standardisierte und papierlose wiederkehrende Pr\u00fcfung von weit \u00fcber 100.000 Arbeitsmitteln wie Kranen, Lastaufnahmemitteln, Leitern und Hebezeugen mit gerichtsfester Dokumentation.&#13;<br\/>Mit Pr\u00fcfexpress k\u00f6nnen Arbeitsmittel nach Betriebssicherheitsverordnung (BetrSichV) konform gepr\u00fcft werden.&#13;<br\/><h3><div class=\"blockquote\"><span class=\"mfn-blockquote-icon\"><i class=\"icon-quote\" aria-hidden=\"true\"><\/i><\/span><blockquote class=\"mfn-inline-editor\"><\/h3>&#13;<br\/><h3>Ausgezeichnet mit dem European Auto ID-Award 2008.<\/blockquote><\/div>\n<\/h3><br\/><br\/>Referenzen<br\/>Lassen Sie sich von uns Ihr pers\u00f6nliches Angebot unterbreiten. Nehmen Sie Kontakt mit uns auf:\u00a0Tel. 0800 4728263\u00a0oder \u00fcber das Kontaktformular.<br\/><br\/>Kontakt<br\/><a href=\"https:\/\/graubner-gmbh.de\/en\/contact-us\">https:\/\/graubner-gmbh.de\/kontakt<\/a><br\/>icon-call<br\/>right<br\/>2<br\/><br\/>\n","protected":false},"excerpt":{"rendered":"<p>Ma\u00dfgeschneiderte Software-Entwicklung &#8211; denn f\u00fcr alles gibt es eine L\u00f6sung. &#13;Die Medien-<span class=\"excerpt-hellip\"> [\u2026]<\/span><\/p>\n","protected":false},"author":11,"featured_media":0,"parent":2706,"menu_order":0,"comment_status":"closed","ping_status":"closed","template":"","meta":{"_vp_format_video_url":"","_vp_image_focal_point":[],"footnotes":""},"class_list":["post-3557","page","type-page","status-publish","hentry"],"_links":{"self":[{"href":"https:\/\/graubner-gmbh.de\/en\/wp-json\/wp\/v2\/pages\/3557","targetHints":{"allow":["GET"]}}],"collection":[{"href":"https:\/\/graubner-gmbh.de\/en\/wp-json\/wp\/v2\/pages"}],"about":[{"href":"https:\/\/graubner-gmbh.de\/en\/wp-json\/wp\/v2\/types\/page"}],"author":[{"embeddable":true,"href":"https:\/\/graubner-gmbh.de\/en\/wp-json\/wp\/v2\/users\/11"}],"replies":[{"embeddable":true,"href":"https:\/\/graubner-gmbh.de\/en\/wp-json\/wp\/v2\/comments?post=3557"}],"version-history":[{"count":4,"href":"https:\/\/graubner-gmbh.de\/en\/wp-json\/wp\/v2\/pages\/3557\/revisions"}],"predecessor-version":[{"id":3564,"href":"https:\/\/graubner-gmbh.de\/en\/wp-json\/wp\/v2\/pages\/3557\/revisions\/3564"}],"up":[{"embeddable":true,"href":"https:\/\/graubner-gmbh.de\/en\/wp-json\/wp\/v2\/pages\/2706"}],"wp:attachment":[{"href":"https:\/\/graubner-gmbh.de\/en\/wp-json\/wp\/v2\/media?parent=3557"}],"curies":[{"name":"wp","href":"https:\/\/api.w.org\/{rel}","templated":true}]}}